{"id":44238,"date":"2025-09-04T08:03:02","date_gmt":"2025-09-04T06:03:02","guid":{"rendered":"https:\/\/sceaux-lagazette.fr\/?page_id=44238"},"modified":"2025-09-04T08:03:03","modified_gmt":"2025-09-04T06:03:03","slug":"agora-de-sceaux","status":"publish","type":"page","link":"https:\/\/sceaux-lagazette.fr\/index.php\/agora-de-sceaux\/","title":{"rendered":"Agora de Sceaux"},"content":{"rendered":"\n<p>Cat\u00e9gorie&nbsp;: art et culture<\/p>\n\n\n\n<h2 class=\"wp-block-heading\">Pr\u00e9sentation<\/h2>\n\n\n\n<p>Association \u00e9tudiante promouvant la culture g\u00e9n\u00e9rale par la publication d\u2019articles, la tenue de permanences ainsi que par l\u2019organisation de concours.<\/p>\n\n\n\n<p>L\u2019association est ouverte \u00e0 tous. La cotisation annuelle est de 8\u20ac.<\/p>\n\n\n\n<p>Les r\u00e9unions ont lieu deux fois par mois \u00e0 la facult\u00e9 Jean Monnet<\/p>\n\n\n\n<p>L\u2019association recherche des \u00e9tudiants et \u00e9tudiantes motiv\u00e9s et curieux, d\u00e9sirant d\u00e9velopper des connaissances sur des sujets vari\u00e9s.<\/p>\n\n\n\n<p>Pr\u00e9sident&nbsp;: Quentin Maurice<\/p>\n\n\n\n<h2 class=\"wp-block-heading\">Cordonn\u00e9es&nbsp;:<\/h2>\n\n\n\n<ul class=\"wp-block-list\">\n<li>Facult\u00e9 Jean Monnet, 54 boulevard Desgranges \u00e0 Sceaux<\/li>\n\n\n\n<li>quentin.maurice.23@gmail.com<\/li>\n<\/ul>\n\n\n\n<p>Site&nbsp;: <a href=\"https:\/\/agorasceaux.fr\/\">https:\/\/agorasceaux.fr\/<\/a><\/p>\n\n\n\n<p>Derni\u00e8re modification&nbsp;: 3 septembre 2025<\/p>\n","protected":false},"excerpt":{"rendered":"<p>Cat\u00e9gorie&nbsp;: art et culture Pr\u00e9sentation Association \u00e9tudiante promouvant la culture g\u00e9n\u00e9rale par la publication d\u2019articles, la tenue de permanences ainsi que par l\u2019organisation de concours. L\u2019association est ouverte \u00e0 tous. La cotisation annuelle est de 8\u20ac. Les r\u00e9unions ont lieu deux fois par mois \u00e0 la facult\u00e9 Jean Monnet L\u2019association&#8230;<\/p>\n","protected":false},"author":20,"featured_media":0,"parent":0,"menu_order":0,"comment_status":"closed","ping_status":"closed","template":"","meta":{"om_disable_all_campaigns":false,"_monsterinsights_skip_tracking":false,"_monsterinsights_sitenote_active":false,"_monsterinsights_sitenote_note":"","_monsterinsights_sitenote_category":0,"_uf_show_specific_survey":0,"_uf_disable_surveys":false,"footnotes":""},"class_list":["post-44238","page","type-page","status-publish","hentry","entry","simple"],"yoast_head":"<!-- This site is optimized with the Yoast SEO plugin v25.6 - https:\/\/yoast.com\/wordpress\/plugins\/seo\/ -->\n<title>Agora de Sceaux - La Gazette<\/title>\n<meta name=\"robots\" content=\"index, follow, max-snippet:-1, max-image-preview:large, max-video-preview:-1\" \/>\n<link rel=\"canonical\" href=\"https:\/\/sceaux-lagazette.fr\/index.php\/agora-de-sceaux\/\" \/>\n<meta property=\"og:locale\" content=\"fr_FR\" \/>\n<meta property=\"og:type\" content=\"article\" \/>\n<meta property=\"og:title\" content=\"Agora de Sceaux - La Gazette\" \/>\n<meta property=\"og:description\" content=\"Cat\u00e9gorie&nbsp;: art et culture Pr\u00e9sentation Association \u00e9tudiante promouvant la culture g\u00e9n\u00e9rale par la publication d\u2019articles, la tenue de permanences ainsi que par l\u2019organisation de concours. L\u2019association est ouverte \u00e0 tous. La cotisation annuelle est de 8\u20ac. Les r\u00e9unions ont lieu deux fois par mois \u00e0 la facult\u00e9 Jean Monnet L\u2019association&#8230;\" \/>\n<meta property=\"og:url\" content=\"https:\/\/sceaux-lagazette.fr\/index.php\/agora-de-sceaux\/\" \/>\n<meta property=\"og:site_name\" content=\"La Gazette\" \/>\n<meta property=\"article:modified_time\" content=\"2025-09-04T06:03:03+00:00\" \/>\n<meta property=\"og:image\" content=\"https:\/\/sceaux-lagazette.fr\/wp-content\/uploads\/2025\/12\/Logo-Titre-Gazette-2025-08.jpg\" \/>\n\t<meta property=\"og:image:width\" content=\"636\" \/>\n\t<meta property=\"og:image:height\" content=\"148\" \/>\n\t<meta property=\"og:image:type\" content=\"image\/jpeg\" \/>\n<meta name=\"twitter:card\" content=\"summary_large_image\" \/>\n<meta name=\"twitter:label1\" content=\"Dur\u00e9e de lecture estim\u00e9e\" \/>\n\t<meta name=\"twitter:data1\" content=\"1 minute\" \/>\n<script type=\"application\/ld+json\" class=\"yoast-schema-graph\">{\"@context\":\"https:\/\/schema.org\",\"@graph\":[{\"@type\":\"WebPage\",\"@id\":\"https:\/\/sceaux-lagazette.fr\/index.php\/agora-de-sceaux\/\",\"url\":\"https:\/\/sceaux-lagazette.fr\/index.php\/agora-de-sceaux\/\",\"name\":\"Agora de Sceaux - La Gazette\",\"isPartOf\":{\"@id\":\"https:\/\/sceaux-lagazette.fr\/#website\"},\"datePublished\":\"2025-09-04T06:03:02+00:00\",\"dateModified\":\"2025-09-04T06:03:03+00:00\",\"breadcrumb\":{\"@id\":\"https:\/\/sceaux-lagazette.fr\/index.php\/agora-de-sceaux\/#breadcrumb\"},\"inLanguage\":\"fr-FR\",\"potentialAction\":[{\"@type\":\"ReadAction\",\"target\":[\"https:\/\/sceaux-lagazette.fr\/index.php\/agora-de-sceaux\/\"]}]},{\"@type\":\"BreadcrumbList\",\"@id\":\"https:\/\/sceaux-lagazette.fr\/index.php\/agora-de-sceaux\/#breadcrumb\",\"itemListElement\":[{\"@type\":\"ListItem\",\"position\":1,\"name\":\"Accueil\",\"item\":\"https:\/\/sceaux-lagazette.fr\/\"},{\"@type\":\"ListItem\",\"position\":2,\"name\":\"Agora de Sceaux\"}]},{\"@type\":\"WebSite\",\"@id\":\"https:\/\/sceaux-lagazette.fr\/#website\",\"url\":\"https:\/\/sceaux-lagazette.fr\/\",\"name\":\"La Gazette\",\"description\":\"Bourg-la-Reine, Ch\u00e2tenay, Fontenay, Sceaux\",\"publisher\":{\"@id\":\"https:\/\/sceaux-lagazette.fr\/#organization\"},\"potentialAction\":[{\"@type\":\"SearchAction\",\"target\":{\"@type\":\"EntryPoint\",\"urlTemplate\":\"https:\/\/sceaux-lagazette.fr\/?s={search_term_string}\"},\"query-input\":{\"@type\":\"PropertyValueSpecification\",\"valueRequired\":true,\"valueName\":\"search_term_string\"}}],\"inLanguage\":\"fr-FR\"},{\"@type\":\"Organization\",\"@id\":\"https:\/\/sceaux-lagazette.fr\/#organization\",\"name\":\"La Gazette\",\"url\":\"https:\/\/sceaux-lagazette.fr\/\",\"logo\":{\"@type\":\"ImageObject\",\"inLanguage\":\"fr-FR\",\"@id\":\"https:\/\/sceaux-lagazette.fr\/#\/schema\/logo\/image\/\",\"url\":\"https:\/\/sceaux-lagazette.fr\/wp-content\/uploads\/2025\/08\/Logo-Gazette-Aout-2025-V3.jpg\",\"contentUrl\":\"https:\/\/sceaux-lagazette.fr\/wp-content\/uploads\/2025\/08\/Logo-Gazette-Aout-2025-V3.jpg\",\"width\":525,\"height\":130,\"caption\":\"La Gazette\"},\"image\":{\"@id\":\"https:\/\/sceaux-lagazette.fr\/#\/schema\/logo\/image\/\"}}]}<\/script>\n<!-- \/ Yoast SEO plugin. -->","yoast_head_json":{"title":"Agora de Sceaux - La Gazette","robots":{"index":"index","follow":"follow","max-snippet":"max-snippet:-1","max-image-preview":"max-image-preview:large","max-video-preview":"max-video-preview:-1"},"canonical":"https:\/\/sceaux-lagazette.fr\/index.php\/agora-de-sceaux\/","og_locale":"fr_FR","og_type":"article","og_title":"Agora de Sceaux - La Gazette","og_description":"Cat\u00e9gorie&nbsp;: art et culture Pr\u00e9sentation Association \u00e9tudiante promouvant la culture g\u00e9n\u00e9rale par la publication d\u2019articles, la tenue de permanences ainsi que par l\u2019organisation de concours. L\u2019association est ouverte \u00e0 tous. La cotisation annuelle est de 8\u20ac. Les r\u00e9unions ont lieu deux fois par mois \u00e0 la facult\u00e9 Jean Monnet L\u2019association&#8230;","og_url":"https:\/\/sceaux-lagazette.fr\/index.php\/agora-de-sceaux\/","og_site_name":"La Gazette","article_modified_time":"2025-09-04T06:03:03+00:00","og_image":[{"width":636,"height":148,"url":"https:\/\/sceaux-lagazette.fr\/wp-content\/uploads\/2025\/12\/Logo-Titre-Gazette-2025-08.jpg","type":"image\/jpeg"}],"twitter_card":"summary_large_image","twitter_misc":{"Dur\u00e9e de lecture estim\u00e9e":"1 minute"},"schema":{"@context":"https:\/\/schema.org","@graph":[{"@type":"WebPage","@id":"https:\/\/sceaux-lagazette.fr\/index.php\/agora-de-sceaux\/","url":"https:\/\/sceaux-lagazette.fr\/index.php\/agora-de-sceaux\/","name":"Agora de Sceaux - La Gazette","isPartOf":{"@id":"https:\/\/sceaux-lagazette.fr\/#website"},"datePublished":"2025-09-04T06:03:02+00:00","dateModified":"2025-09-04T06:03:03+00:00","breadcrumb":{"@id":"https:\/\/sceaux-lagazette.fr\/index.php\/agora-de-sceaux\/#breadcrumb"},"inLanguage":"fr-FR","potentialAction":[{"@type":"ReadAction","target":["https:\/\/sceaux-lagazette.fr\/index.php\/agora-de-sceaux\/"]}]},{"@type":"BreadcrumbList","@id":"https:\/\/sceaux-lagazette.fr\/index.php\/agora-de-sceaux\/#breadcrumb","itemListElement":[{"@type":"ListItem","position":1,"name":"Accueil","item":"https:\/\/sceaux-lagazette.fr\/"},{"@type":"ListItem","position":2,"name":"Agora de Sceaux"}]},{"@type":"WebSite","@id":"https:\/\/sceaux-lagazette.fr\/#website","url":"https:\/\/sceaux-lagazette.fr\/","name":"La Gazette","description":"Bourg-la-Reine, Ch\u00e2tenay, Fontenay, Sceaux","publisher":{"@id":"https:\/\/sceaux-lagazette.fr\/#organization"},"potentialAction":[{"@type":"SearchAction","target":{"@type":"EntryPoint","urlTemplate":"https:\/\/sceaux-lagazette.fr\/?s={search_term_string}"},"query-input":{"@type":"PropertyValueSpecification","valueRequired":true,"valueName":"search_term_string"}}],"inLanguage":"fr-FR"},{"@type":"Organization","@id":"https:\/\/sceaux-lagazette.fr\/#organization","name":"La Gazette","url":"https:\/\/sceaux-lagazette.fr\/","logo":{"@type":"ImageObject","inLanguage":"fr-FR","@id":"https:\/\/sceaux-lagazette.fr\/#\/schema\/logo\/image\/","url":"https:\/\/sceaux-lagazette.fr\/wp-content\/uploads\/2025\/08\/Logo-Gazette-Aout-2025-V3.jpg","contentUrl":"https:\/\/sceaux-lagazette.fr\/wp-content\/uploads\/2025\/08\/Logo-Gazette-Aout-2025-V3.jpg","width":525,"height":130,"caption":"La Gazette"},"image":{"@id":"https:\/\/sceaux-lagazette.fr\/#\/schema\/logo\/image\/"}}]}},"_links":{"self":[{"href":"https:\/\/sceaux-lagazette.fr\/index.php\/wp-json\/wp\/v2\/pages\/44238"}],"collection":[{"href":"https:\/\/sceaux-lagazette.fr\/index.php\/wp-json\/wp\/v2\/pages"}],"about":[{"href":"https:\/\/sceaux-lagazette.fr\/index.php\/wp-json\/wp\/v2\/types\/page"}],"author":[{"embeddable":true,"href":"https:\/\/sceaux-lagazette.fr\/index.php\/wp-json\/wp\/v2\/users\/20"}],"replies":[{"embeddable":true,"href":"https:\/\/sceaux-lagazette.fr\/index.php\/wp-json\/wp\/v2\/comments?post=44238"}],"version-history":[{"count":1,"href":"https:\/\/sceaux-lagazette.fr\/index.php\/wp-json\/wp\/v2\/pages\/44238\/revisions"}],"predecessor-version":[{"id":44239,"href":"https:\/\/sceaux-lagazette.fr\/index.php\/wp-json\/wp\/v2\/pages\/44238\/revisions\/44239"}],"wp:attachment":[{"href":"https:\/\/sceaux-lagazette.fr\/index.php\/wp-json\/wp\/v2\/media?parent=44238"}],"curies":[{"name":"wp","href":"https:\/\/api.w.org\/{rel}","templated":true}]}}