{"id":44216,"date":"2025-09-04T08:27:10","date_gmt":"2025-09-04T06:27:10","guid":{"rendered":"https:\/\/sceaux-lagazette.fr\/?page_id=44216"},"modified":"2025-09-04T10:31:11","modified_gmt":"2025-09-04T08:31:11","slug":"le-musee-du-lycee-marie-curie","status":"publish","type":"page","link":"https:\/\/sceaux-lagazette.fr\/index.php\/le-musee-du-lycee-marie-curie\/","title":{"rendered":"Le Mus\u00e9e du Lyc\u00e9e Marie-Curie"},"content":{"rendered":"\n<p>Cat\u00e9gorie&nbsp;: art et culture<\/p>\n\n\n\n<h2 class=\"wp-block-heading\">Pr\u00e9sentation<\/h2>\n\n\n\n<p>Collecte de documents et de t\u00e9moignages, publications, conf\u00e9rences, expositions (voir plus de d\u00e9tails sur le site <a href=\"https:\/\/museelyceemariecurie.org\/index.php\/lassociation\/les-objectifs\/\">https:\/\/museelyceemariecurie.org\/index.php\/lassociation\/les-objectifs\/<\/a> )<\/p>\n\n\n\n<p>Les membres de l\u2019association sont des chercheurs participant aux travaux de l\u2019association. Ils sont choisis par cooptation. Le montant de l\u2019adh\u00e9sion est de 30 \u20ac.<\/p>\n\n\n\n<p>L\u2019association est reconnue comme organisme d\u2019int\u00e9r\u00eat g\u00e9n\u00e9ral \u00e0 but culturel et peut recevoir des dons.<\/p>\n\n\n\n<p>Les r\u00e9unions ont lieu au CDI du lyc\u00e9e Marie-Curie, 1 rue Constant Pilate<\/p>\n\n\n\n<p>Pr\u00e9sidente&nbsp;: Chlo\u00e9 Dupart<\/p>\n\n\n\n<p>Tr\u00e9sorier : Alain Rajot, \u00ab\u00a0des dons b\u00e9n\u00e9ficiant d&rsquo;un cr\u00e9dit d&rsquo;imp\u00f4t de 66%\u00a0\u00bb<\/p>\n\n\n\n<h2 class=\"wp-block-heading\">Coordonn\u00e9es&nbsp;:<\/h2>\n\n\n\n<ul class=\"wp-block-list\">\n<li>1 rue constant Pilate \u00e0 Sceaux&nbsp;;<\/li>\n\n\n\n<li><a href=\"mailto:mcsearches@gmail.com\">mcsearchers@gmail.com<\/a>&nbsp;;<\/li>\n\n\n\n<li><a href=\"mailto:chloe.dupart@gmail.com\">chloe.dupart@gmail.com<\/a><\/li>\n<\/ul>\n\n\n\n<p>Site&nbsp;: <a href=\"https:\/\/museelyceemariecurie.org\/\">https:\/\/museelyceemariecurie.org\/<\/a><\/p>\n\n\n\n<h2 class=\"wp-block-heading\">A lire sur la Gazette&nbsp;:<\/h2>\n\n\n\n<ul class=\"wp-block-list\">\n<li><a href=\"https:\/\/sceaux-lagazette.fr\/index.php\/2024\/09\/20\/faire-vivre-lhistoire-du-lycee-marie-curie\/\">Faire vivre l\u2019histoire du lyc\u00e9e Marie-Curie <\/a><\/li>\n\n\n\n<li><a href=\"https:\/\/sceaux-lagazette.fr\/index.php\/2024\/09\/09\/un-site-sur-lhistoire-du-lycee-marie-curie\/\">Un site sur l\u2019histoire du lyc\u00e9e Marie-Curie <\/a><\/li>\n\n\n\n<li><a href=\"https:\/\/sceaux-lagazette.fr\/index.php\/2024\/11\/22\/a-sceaux-deux-lycees-pendant-la-guerre\/\">A Sceaux, deux lyc\u00e9es pendant la guerre<\/a>&nbsp; <\/li>\n<\/ul>\n\n\n\n<p>Derni\u00e8re modification : 3 septembre 2025<\/p>\n\n\n\n<p><\/p>\n","protected":false},"excerpt":{"rendered":"<p>Cat\u00e9gorie&nbsp;: art et culture Pr\u00e9sentation Collecte de documents et de t\u00e9moignages, publications, conf\u00e9rences, expositions (voir plus de d\u00e9tails sur le site https:\/\/museelyceemariecurie.org\/index.php\/lassociation\/les-objectifs\/ ) Les membres de l\u2019association sont des chercheurs participant aux travaux de l\u2019association. Ils sont choisis par cooptation. Le montant de l\u2019adh\u00e9sion est de 30 \u20ac. L\u2019association est&#8230;<\/p>\n","protected":false},"author":20,"featured_media":0,"parent":0,"menu_order":0,"comment_status":"closed","ping_status":"closed","template":"","meta":{"om_disable_all_campaigns":false,"_monsterinsights_skip_tracking":false,"_monsterinsights_sitenote_active":false,"_monsterinsights_sitenote_note":"","_monsterinsights_sitenote_category":0,"_uf_show_specific_survey":0,"_uf_disable_surveys":false,"footnotes":""},"class_list":["post-44216","page","type-page","status-publish","hentry","entry","simple"],"yoast_head":"<!-- This site is optimized with the Yoast SEO plugin v25.6 - https:\/\/yoast.com\/wordpress\/plugins\/seo\/ -->\n<title>Le Mus\u00e9e du Lyc\u00e9e Marie-Curie - La Gazette<\/title>\n<meta name=\"robots\" content=\"index, follow, max-snippet:-1, max-image-preview:large, max-video-preview:-1\" \/>\n<link rel=\"canonical\" href=\"https:\/\/sceaux-lagazette.fr\/index.php\/le-musee-du-lycee-marie-curie\/\" \/>\n<meta property=\"og:locale\" content=\"fr_FR\" \/>\n<meta property=\"og:type\" content=\"article\" \/>\n<meta property=\"og:title\" content=\"Le Mus\u00e9e du Lyc\u00e9e Marie-Curie - La Gazette\" \/>\n<meta property=\"og:description\" content=\"Cat\u00e9gorie&nbsp;: art et culture Pr\u00e9sentation Collecte de documents et de t\u00e9moignages, publications, conf\u00e9rences, expositions (voir plus de d\u00e9tails sur le site https:\/\/museelyceemariecurie.org\/index.php\/lassociation\/les-objectifs\/ ) Les membres de l\u2019association sont des chercheurs participant aux travaux de l\u2019association. Ils sont choisis par cooptation. Le montant de l\u2019adh\u00e9sion est de 30 \u20ac. L\u2019association est&#8230;\" \/>\n<meta property=\"og:url\" content=\"https:\/\/sceaux-lagazette.fr\/index.php\/le-musee-du-lycee-marie-curie\/\" \/>\n<meta property=\"og:site_name\" content=\"La Gazette\" \/>\n<meta property=\"article:modified_time\" content=\"2025-09-04T08:31:11+00:00\" \/>\n<meta property=\"og:image\" content=\"https:\/\/sceaux-lagazette.fr\/wp-content\/uploads\/2025\/12\/Logo-Titre-Gazette-2025-08.jpg\" \/>\n\t<meta property=\"og:image:width\" content=\"636\" \/>\n\t<meta property=\"og:image:height\" content=\"148\" \/>\n\t<meta property=\"og:image:type\" content=\"image\/jpeg\" \/>\n<meta name=\"twitter:card\" content=\"summary_large_image\" \/>\n<meta name=\"twitter:label1\" content=\"Dur\u00e9e de lecture estim\u00e9e\" \/>\n\t<meta name=\"twitter:data1\" content=\"1 minute\" \/>\n<script type=\"application\/ld+json\" class=\"yoast-schema-graph\">{\"@context\":\"https:\/\/schema.org\",\"@graph\":[{\"@type\":\"WebPage\",\"@id\":\"https:\/\/sceaux-lagazette.fr\/index.php\/le-musee-du-lycee-marie-curie\/\",\"url\":\"https:\/\/sceaux-lagazette.fr\/index.php\/le-musee-du-lycee-marie-curie\/\",\"name\":\"Le Mus\u00e9e du Lyc\u00e9e Marie-Curie - La Gazette\",\"isPartOf\":{\"@id\":\"https:\/\/sceaux-lagazette.fr\/#website\"},\"datePublished\":\"2025-09-04T06:27:10+00:00\",\"dateModified\":\"2025-09-04T08:31:11+00:00\",\"breadcrumb\":{\"@id\":\"https:\/\/sceaux-lagazette.fr\/index.php\/le-musee-du-lycee-marie-curie\/#breadcrumb\"},\"inLanguage\":\"fr-FR\",\"potentialAction\":[{\"@type\":\"ReadAction\",\"target\":[\"https:\/\/sceaux-lagazette.fr\/index.php\/le-musee-du-lycee-marie-curie\/\"]}]},{\"@type\":\"BreadcrumbList\",\"@id\":\"https:\/\/sceaux-lagazette.fr\/index.php\/le-musee-du-lycee-marie-curie\/#breadcrumb\",\"itemListElement\":[{\"@type\":\"ListItem\",\"position\":1,\"name\":\"Accueil\",\"item\":\"https:\/\/sceaux-lagazette.fr\/\"},{\"@type\":\"ListItem\",\"position\":2,\"name\":\"Le Mus\u00e9e du Lyc\u00e9e Marie-Curie\"}]},{\"@type\":\"WebSite\",\"@id\":\"https:\/\/sceaux-lagazette.fr\/#website\",\"url\":\"https:\/\/sceaux-lagazette.fr\/\",\"name\":\"La Gazette\",\"description\":\"Bourg-la-Reine, Ch\u00e2tenay, Fontenay, Sceaux\",\"publisher\":{\"@id\":\"https:\/\/sceaux-lagazette.fr\/#organization\"},\"potentialAction\":[{\"@type\":\"SearchAction\",\"target\":{\"@type\":\"EntryPoint\",\"urlTemplate\":\"https:\/\/sceaux-lagazette.fr\/?s={search_term_string}\"},\"query-input\":{\"@type\":\"PropertyValueSpecification\",\"valueRequired\":true,\"valueName\":\"search_term_string\"}}],\"inLanguage\":\"fr-FR\"},{\"@type\":\"Organization\",\"@id\":\"https:\/\/sceaux-lagazette.fr\/#organization\",\"name\":\"La Gazette\",\"url\":\"https:\/\/sceaux-lagazette.fr\/\",\"logo\":{\"@type\":\"ImageObject\",\"inLanguage\":\"fr-FR\",\"@id\":\"https:\/\/sceaux-lagazette.fr\/#\/schema\/logo\/image\/\",\"url\":\"https:\/\/sceaux-lagazette.fr\/wp-content\/uploads\/2025\/08\/Logo-Gazette-Aout-2025-V3.jpg\",\"contentUrl\":\"https:\/\/sceaux-lagazette.fr\/wp-content\/uploads\/2025\/08\/Logo-Gazette-Aout-2025-V3.jpg\",\"width\":525,\"height\":130,\"caption\":\"La Gazette\"},\"image\":{\"@id\":\"https:\/\/sceaux-lagazette.fr\/#\/schema\/logo\/image\/\"}}]}<\/script>\n<!-- \/ Yoast SEO plugin. -->","yoast_head_json":{"title":"Le Mus\u00e9e du Lyc\u00e9e Marie-Curie - La Gazette","robots":{"index":"index","follow":"follow","max-snippet":"max-snippet:-1","max-image-preview":"max-image-preview:large","max-video-preview":"max-video-preview:-1"},"canonical":"https:\/\/sceaux-lagazette.fr\/index.php\/le-musee-du-lycee-marie-curie\/","og_locale":"fr_FR","og_type":"article","og_title":"Le Mus\u00e9e du Lyc\u00e9e Marie-Curie - La Gazette","og_description":"Cat\u00e9gorie&nbsp;: art et culture Pr\u00e9sentation Collecte de documents et de t\u00e9moignages, publications, conf\u00e9rences, expositions (voir plus de d\u00e9tails sur le site https:\/\/museelyceemariecurie.org\/index.php\/lassociation\/les-objectifs\/ ) Les membres de l\u2019association sont des chercheurs participant aux travaux de l\u2019association. Ils sont choisis par cooptation. Le montant de l\u2019adh\u00e9sion est de 30 \u20ac. L\u2019association est&#8230;","og_url":"https:\/\/sceaux-lagazette.fr\/index.php\/le-musee-du-lycee-marie-curie\/","og_site_name":"La Gazette","article_modified_time":"2025-09-04T08:31:11+00:00","og_image":[{"width":636,"height":148,"url":"https:\/\/sceaux-lagazette.fr\/wp-content\/uploads\/2025\/12\/Logo-Titre-Gazette-2025-08.jpg","type":"image\/jpeg"}],"twitter_card":"summary_large_image","twitter_misc":{"Dur\u00e9e de lecture estim\u00e9e":"1 minute"},"schema":{"@context":"https:\/\/schema.org","@graph":[{"@type":"WebPage","@id":"https:\/\/sceaux-lagazette.fr\/index.php\/le-musee-du-lycee-marie-curie\/","url":"https:\/\/sceaux-lagazette.fr\/index.php\/le-musee-du-lycee-marie-curie\/","name":"Le Mus\u00e9e du Lyc\u00e9e Marie-Curie - La Gazette","isPartOf":{"@id":"https:\/\/sceaux-lagazette.fr\/#website"},"datePublished":"2025-09-04T06:27:10+00:00","dateModified":"2025-09-04T08:31:11+00:00","breadcrumb":{"@id":"https:\/\/sceaux-lagazette.fr\/index.php\/le-musee-du-lycee-marie-curie\/#breadcrumb"},"inLanguage":"fr-FR","potentialAction":[{"@type":"ReadAction","target":["https:\/\/sceaux-lagazette.fr\/index.php\/le-musee-du-lycee-marie-curie\/"]}]},{"@type":"BreadcrumbList","@id":"https:\/\/sceaux-lagazette.fr\/index.php\/le-musee-du-lycee-marie-curie\/#breadcrumb","itemListElement":[{"@type":"ListItem","position":1,"name":"Accueil","item":"https:\/\/sceaux-lagazette.fr\/"},{"@type":"ListItem","position":2,"name":"Le Mus\u00e9e du Lyc\u00e9e Marie-Curie"}]},{"@type":"WebSite","@id":"https:\/\/sceaux-lagazette.fr\/#website","url":"https:\/\/sceaux-lagazette.fr\/","name":"La Gazette","description":"Bourg-la-Reine, Ch\u00e2tenay, Fontenay, Sceaux","publisher":{"@id":"https:\/\/sceaux-lagazette.fr\/#organization"},"potentialAction":[{"@type":"SearchAction","target":{"@type":"EntryPoint","urlTemplate":"https:\/\/sceaux-lagazette.fr\/?s={search_term_string}"},"query-input":{"@type":"PropertyValueSpecification","valueRequired":true,"valueName":"search_term_string"}}],"inLanguage":"fr-FR"},{"@type":"Organization","@id":"https:\/\/sceaux-lagazette.fr\/#organization","name":"La Gazette","url":"https:\/\/sceaux-lagazette.fr\/","logo":{"@type":"ImageObject","inLanguage":"fr-FR","@id":"https:\/\/sceaux-lagazette.fr\/#\/schema\/logo\/image\/","url":"https:\/\/sceaux-lagazette.fr\/wp-content\/uploads\/2025\/08\/Logo-Gazette-Aout-2025-V3.jpg","contentUrl":"https:\/\/sceaux-lagazette.fr\/wp-content\/uploads\/2025\/08\/Logo-Gazette-Aout-2025-V3.jpg","width":525,"height":130,"caption":"La Gazette"},"image":{"@id":"https:\/\/sceaux-lagazette.fr\/#\/schema\/logo\/image\/"}}]}},"_links":{"self":[{"href":"https:\/\/sceaux-lagazette.fr\/index.php\/wp-json\/wp\/v2\/pages\/44216"}],"collection":[{"href":"https:\/\/sceaux-lagazette.fr\/index.php\/wp-json\/wp\/v2\/pages"}],"about":[{"href":"https:\/\/sceaux-lagazette.fr\/index.php\/wp-json\/wp\/v2\/types\/page"}],"author":[{"embeddable":true,"href":"https:\/\/sceaux-lagazette.fr\/index.php\/wp-json\/wp\/v2\/users\/20"}],"replies":[{"embeddable":true,"href":"https:\/\/sceaux-lagazette.fr\/index.php\/wp-json\/wp\/v2\/comments?post=44216"}],"version-history":[{"count":4,"href":"https:\/\/sceaux-lagazette.fr\/index.php\/wp-json\/wp\/v2\/pages\/44216\/revisions"}],"predecessor-version":[{"id":44268,"href":"https:\/\/sceaux-lagazette.fr\/index.php\/wp-json\/wp\/v2\/pages\/44216\/revisions\/44268"}],"wp:attachment":[{"href":"https:\/\/sceaux-lagazette.fr\/index.php\/wp-json\/wp\/v2\/media?parent=44216"}],"curies":[{"name":"wp","href":"https:\/\/api.w.org\/{rel}","templated":true}]}}