{"id":44202,"date":"2025-09-04T08:20:16","date_gmt":"2025-09-04T06:20:16","guid":{"rendered":"https:\/\/sceaux-lagazette.fr\/?page_id=44202"},"modified":"2025-09-04T08:20:18","modified_gmt":"2025-09-04T06:20:18","slug":"chorale-la-vilanelle","status":"publish","type":"page","link":"https:\/\/sceaux-lagazette.fr\/index.php\/chorale-la-vilanelle\/","title":{"rendered":"Chorale La Vilanelle"},"content":{"rendered":"\n<p>Cat\u00e9gorie&nbsp;: art et culture<\/p>\n\n\n\n<h2 class=\"wp-block-heading\">Pr\u00e9sentation<\/h2>\n\n\n\n<p>La Villanelle de Sceaux (92) regroupe une soixantaine de choristes aimant chanter, heureux de d\u00e9couvrir le plaisir du chant choral et de partager de beaux moments de musique et de convivialit\u00e9.<\/p>\n\n\n\n<p>Lieu de r\u00e9union&nbsp;: 3 bis rue Marguerite Renaudin \u00e0 Sceaux<\/p>\n\n\n\n<p>Horaires&nbsp;: lundi, de 20h15 \u00e0 22h30<\/p>\n\n\n\n<p>Pr\u00e9sidente&nbsp;: Pascaline Renault<\/p>\n\n\n\n<p>Chef de ch\u0153ur&nbsp;: Odile Ch\u00e2teau<\/p>\n\n\n\n<p>Coordonn\u00e9es&nbsp;:<\/p>\n\n\n\n<ul class=\"wp-block-list\">\n<li>2 rue du Docteur-Roux \u00e0 Sceaux\u00a0;<\/li>\n\n\n\n<li><a href=\"mailto:chorale.villanelle@gmail.com\">chorale.villanelle@gmail.com<\/a>;<\/li>\n\n\n\n<li>Tel\u00a0: 01 47 02 67 21<\/li>\n<\/ul>\n\n\n\n<p>Site&nbsp;: <a href=\"https:\/\/villanelle92sceaux.6temflex.com\/\">https:\/\/villanelle92sceaux.6temflex.com\/<\/a><\/p>\n\n\n\n<h2 class=\"wp-block-heading\">A lire sur la Gazette&nbsp;:<\/h2>\n\n\n\n<ul class=\"wp-block-list\">\n<li><a href=\"https:\/\/sceaux-lagazette.fr\/index.php\/2021\/02\/16\/latout-choeur-de-la-villanelle\/\">L\u2019atout ch\u0153ur de la Villanelle <\/a><\/li>\n\n\n\n<li><a href=\"https:\/\/sceaux-lagazette.fr\/index.php\/2025\/06\/03\/la-villanelle-a-leamington\/\">La Villanelle \u00e0 Leamington<\/a> <\/li>\n<\/ul>\n\n\n\n<p>Derni\u00e8re modification : 3 septembre 2025<\/p>\n\n\n\n<p><\/p>\n","protected":false},"excerpt":{"rendered":"<p>Cat\u00e9gorie&nbsp;: art et culture Pr\u00e9sentation La Villanelle de Sceaux (92) regroupe une soixantaine de choristes aimant chanter, heureux de d\u00e9couvrir le plaisir du chant choral et de partager de beaux moments de musique et de convivialit\u00e9. Lieu de r\u00e9union&nbsp;: 3 bis rue Marguerite Renaudin \u00e0 Sceaux Horaires&nbsp;: lundi, de 20h15&#8230;<\/p>\n","protected":false},"author":20,"featured_media":0,"parent":0,"menu_order":0,"comment_status":"closed","ping_status":"closed","template":"","meta":{"om_disable_all_campaigns":false,"_monsterinsights_skip_tracking":false,"_monsterinsights_sitenote_active":false,"_monsterinsights_sitenote_note":"","_monsterinsights_sitenote_category":0,"_uf_show_specific_survey":0,"_uf_disable_surveys":false,"footnotes":""},"class_list":["post-44202","page","type-page","status-publish","hentry","entry","simple"],"yoast_head":"<!-- This site is optimized with the Yoast SEO plugin v25.6 - https:\/\/yoast.com\/wordpress\/plugins\/seo\/ -->\n<title>Chorale La Vilanelle - La Gazette<\/title>\n<meta name=\"robots\" content=\"index, follow, max-snippet:-1, max-image-preview:large, max-video-preview:-1\" \/>\n<link rel=\"canonical\" href=\"https:\/\/sceaux-lagazette.fr\/index.php\/chorale-la-vilanelle\/\" \/>\n<meta property=\"og:locale\" content=\"fr_FR\" \/>\n<meta property=\"og:type\" content=\"article\" \/>\n<meta property=\"og:title\" content=\"Chorale La Vilanelle - La Gazette\" \/>\n<meta property=\"og:description\" content=\"Cat\u00e9gorie&nbsp;: art et culture Pr\u00e9sentation La Villanelle de Sceaux (92) regroupe une soixantaine de choristes aimant chanter, heureux de d\u00e9couvrir le plaisir du chant choral et de partager de beaux moments de musique et de convivialit\u00e9. Lieu de r\u00e9union&nbsp;: 3 bis rue Marguerite Renaudin \u00e0 Sceaux Horaires&nbsp;: lundi, de 20h15&#8230;\" \/>\n<meta property=\"og:url\" content=\"https:\/\/sceaux-lagazette.fr\/index.php\/chorale-la-vilanelle\/\" \/>\n<meta property=\"og:site_name\" content=\"La Gazette\" \/>\n<meta property=\"article:modified_time\" content=\"2025-09-04T06:20:18+00:00\" \/>\n<meta property=\"og:image\" content=\"https:\/\/sceaux-lagazette.fr\/wp-content\/uploads\/2025\/12\/Logo-Titre-Gazette-2025-08.jpg\" \/>\n\t<meta property=\"og:image:width\" content=\"636\" \/>\n\t<meta property=\"og:image:height\" content=\"148\" \/>\n\t<meta property=\"og:image:type\" content=\"image\/jpeg\" \/>\n<meta name=\"twitter:card\" content=\"summary_large_image\" \/>\n<meta name=\"twitter:label1\" content=\"Dur\u00e9e de lecture estim\u00e9e\" \/>\n\t<meta name=\"twitter:data1\" content=\"1 minute\" \/>\n<script type=\"application\/ld+json\" class=\"yoast-schema-graph\">{\"@context\":\"https:\/\/schema.org\",\"@graph\":[{\"@type\":\"WebPage\",\"@id\":\"https:\/\/sceaux-lagazette.fr\/index.php\/chorale-la-vilanelle\/\",\"url\":\"https:\/\/sceaux-lagazette.fr\/index.php\/chorale-la-vilanelle\/\",\"name\":\"Chorale La Vilanelle - La Gazette\",\"isPartOf\":{\"@id\":\"https:\/\/sceaux-lagazette.fr\/#website\"},\"datePublished\":\"2025-09-04T06:20:16+00:00\",\"dateModified\":\"2025-09-04T06:20:18+00:00\",\"breadcrumb\":{\"@id\":\"https:\/\/sceaux-lagazette.fr\/index.php\/chorale-la-vilanelle\/#breadcrumb\"},\"inLanguage\":\"fr-FR\",\"potentialAction\":[{\"@type\":\"ReadAction\",\"target\":[\"https:\/\/sceaux-lagazette.fr\/index.php\/chorale-la-vilanelle\/\"]}]},{\"@type\":\"BreadcrumbList\",\"@id\":\"https:\/\/sceaux-lagazette.fr\/index.php\/chorale-la-vilanelle\/#breadcrumb\",\"itemListElement\":[{\"@type\":\"ListItem\",\"position\":1,\"name\":\"Accueil\",\"item\":\"https:\/\/sceaux-lagazette.fr\/\"},{\"@type\":\"ListItem\",\"position\":2,\"name\":\"Chorale La Vilanelle\"}]},{\"@type\":\"WebSite\",\"@id\":\"https:\/\/sceaux-lagazette.fr\/#website\",\"url\":\"https:\/\/sceaux-lagazette.fr\/\",\"name\":\"La Gazette\",\"description\":\"Bourg-la-Reine, Ch\u00e2tenay, Fontenay, Sceaux\",\"publisher\":{\"@id\":\"https:\/\/sceaux-lagazette.fr\/#organization\"},\"potentialAction\":[{\"@type\":\"SearchAction\",\"target\":{\"@type\":\"EntryPoint\",\"urlTemplate\":\"https:\/\/sceaux-lagazette.fr\/?s={search_term_string}\"},\"query-input\":{\"@type\":\"PropertyValueSpecification\",\"valueRequired\":true,\"valueName\":\"search_term_string\"}}],\"inLanguage\":\"fr-FR\"},{\"@type\":\"Organization\",\"@id\":\"https:\/\/sceaux-lagazette.fr\/#organization\",\"name\":\"La Gazette\",\"url\":\"https:\/\/sceaux-lagazette.fr\/\",\"logo\":{\"@type\":\"ImageObject\",\"inLanguage\":\"fr-FR\",\"@id\":\"https:\/\/sceaux-lagazette.fr\/#\/schema\/logo\/image\/\",\"url\":\"https:\/\/sceaux-lagazette.fr\/wp-content\/uploads\/2025\/08\/Logo-Gazette-Aout-2025-V3.jpg\",\"contentUrl\":\"https:\/\/sceaux-lagazette.fr\/wp-content\/uploads\/2025\/08\/Logo-Gazette-Aout-2025-V3.jpg\",\"width\":525,\"height\":130,\"caption\":\"La Gazette\"},\"image\":{\"@id\":\"https:\/\/sceaux-lagazette.fr\/#\/schema\/logo\/image\/\"}}]}<\/script>\n<!-- \/ Yoast SEO plugin. -->","yoast_head_json":{"title":"Chorale La Vilanelle - La Gazette","robots":{"index":"index","follow":"follow","max-snippet":"max-snippet:-1","max-image-preview":"max-image-preview:large","max-video-preview":"max-video-preview:-1"},"canonical":"https:\/\/sceaux-lagazette.fr\/index.php\/chorale-la-vilanelle\/","og_locale":"fr_FR","og_type":"article","og_title":"Chorale La Vilanelle - La Gazette","og_description":"Cat\u00e9gorie&nbsp;: art et culture Pr\u00e9sentation La Villanelle de Sceaux (92) regroupe une soixantaine de choristes aimant chanter, heureux de d\u00e9couvrir le plaisir du chant choral et de partager de beaux moments de musique et de convivialit\u00e9. Lieu de r\u00e9union&nbsp;: 3 bis rue Marguerite Renaudin \u00e0 Sceaux Horaires&nbsp;: lundi, de 20h15&#8230;","og_url":"https:\/\/sceaux-lagazette.fr\/index.php\/chorale-la-vilanelle\/","og_site_name":"La Gazette","article_modified_time":"2025-09-04T06:20:18+00:00","og_image":[{"width":636,"height":148,"url":"https:\/\/sceaux-lagazette.fr\/wp-content\/uploads\/2025\/12\/Logo-Titre-Gazette-2025-08.jpg","type":"image\/jpeg"}],"twitter_card":"summary_large_image","twitter_misc":{"Dur\u00e9e de lecture estim\u00e9e":"1 minute"},"schema":{"@context":"https:\/\/schema.org","@graph":[{"@type":"WebPage","@id":"https:\/\/sceaux-lagazette.fr\/index.php\/chorale-la-vilanelle\/","url":"https:\/\/sceaux-lagazette.fr\/index.php\/chorale-la-vilanelle\/","name":"Chorale La Vilanelle - La Gazette","isPartOf":{"@id":"https:\/\/sceaux-lagazette.fr\/#website"},"datePublished":"2025-09-04T06:20:16+00:00","dateModified":"2025-09-04T06:20:18+00:00","breadcrumb":{"@id":"https:\/\/sceaux-lagazette.fr\/index.php\/chorale-la-vilanelle\/#breadcrumb"},"inLanguage":"fr-FR","potentialAction":[{"@type":"ReadAction","target":["https:\/\/sceaux-lagazette.fr\/index.php\/chorale-la-vilanelle\/"]}]},{"@type":"BreadcrumbList","@id":"https:\/\/sceaux-lagazette.fr\/index.php\/chorale-la-vilanelle\/#breadcrumb","itemListElement":[{"@type":"ListItem","position":1,"name":"Accueil","item":"https:\/\/sceaux-lagazette.fr\/"},{"@type":"ListItem","position":2,"name":"Chorale La Vilanelle"}]},{"@type":"WebSite","@id":"https:\/\/sceaux-lagazette.fr\/#website","url":"https:\/\/sceaux-lagazette.fr\/","name":"La Gazette","description":"Bourg-la-Reine, Ch\u00e2tenay, Fontenay, Sceaux","publisher":{"@id":"https:\/\/sceaux-lagazette.fr\/#organization"},"potentialAction":[{"@type":"SearchAction","target":{"@type":"EntryPoint","urlTemplate":"https:\/\/sceaux-lagazette.fr\/?s={search_term_string}"},"query-input":{"@type":"PropertyValueSpecification","valueRequired":true,"valueName":"search_term_string"}}],"inLanguage":"fr-FR"},{"@type":"Organization","@id":"https:\/\/sceaux-lagazette.fr\/#organization","name":"La Gazette","url":"https:\/\/sceaux-lagazette.fr\/","logo":{"@type":"ImageObject","inLanguage":"fr-FR","@id":"https:\/\/sceaux-lagazette.fr\/#\/schema\/logo\/image\/","url":"https:\/\/sceaux-lagazette.fr\/wp-content\/uploads\/2025\/08\/Logo-Gazette-Aout-2025-V3.jpg","contentUrl":"https:\/\/sceaux-lagazette.fr\/wp-content\/uploads\/2025\/08\/Logo-Gazette-Aout-2025-V3.jpg","width":525,"height":130,"caption":"La Gazette"},"image":{"@id":"https:\/\/sceaux-lagazette.fr\/#\/schema\/logo\/image\/"}}]}},"_links":{"self":[{"href":"https:\/\/sceaux-lagazette.fr\/index.php\/wp-json\/wp\/v2\/pages\/44202"}],"collection":[{"href":"https:\/\/sceaux-lagazette.fr\/index.php\/wp-json\/wp\/v2\/pages"}],"about":[{"href":"https:\/\/sceaux-lagazette.fr\/index.php\/wp-json\/wp\/v2\/types\/page"}],"author":[{"embeddable":true,"href":"https:\/\/sceaux-lagazette.fr\/index.php\/wp-json\/wp\/v2\/users\/20"}],"replies":[{"embeddable":true,"href":"https:\/\/sceaux-lagazette.fr\/index.php\/wp-json\/wp\/v2\/comments?post=44202"}],"version-history":[{"count":1,"href":"https:\/\/sceaux-lagazette.fr\/index.php\/wp-json\/wp\/v2\/pages\/44202\/revisions"}],"predecessor-version":[{"id":44203,"href":"https:\/\/sceaux-lagazette.fr\/index.php\/wp-json\/wp\/v2\/pages\/44202\/revisions\/44203"}],"wp:attachment":[{"href":"https:\/\/sceaux-lagazette.fr\/index.php\/wp-json\/wp\/v2\/media?parent=44202"}],"curies":[{"name":"wp","href":"https:\/\/api.w.org\/{rel}","templated":true}]}}